{"id":1290,"date":"2023-02-01T16:23:32","date_gmt":"2023-02-01T16:23:32","guid":{"rendered":"https:\/\/avadawebsites.wpengine.com\/life-coach\/?page_id=5"},"modified":"2026-01-17T17:58:07","modified_gmt":"2026-01-17T17:58:07","slug":"home","status":"publish","type":"page","link":"https:\/\/mishayoq.org\/","title":{"rendered":"Home"},"content":{"rendered":"<p><div class=\"fusion-fullwidth fullwidth-box fusion-builder-row-1 fusion-flex-container has-pattern-background has-mask-background nonhundred-percent-fullwidth non-hundred-percent-height-scrolling\" style=\"--awb-border-radius-top-left:0px;--awb-border-radius-top-right:0px;--awb-border-radius-bottom-right:0px;--awb-border-radius-bottom-left:0px;--awb-padding-top:60px;--awb-padding-bottom:0px;--awb-margin-bottom:0px;--awb-background-color:var(--awb-color2);--awb-flex-wrap:wrap;\" ><div class=\"fusion-builder-row fusion-row fusion-flex-align-items-flex-start fusion-flex-justify-content-center fusion-flex-content-wrap\" style=\"max-width:1248px;margin-left: calc(-4% \/ 2 );margin-right: calc(-4% \/ 2 );\"><div class=\"fusion-layout-column fusion_builder_column fusion-builder-column-0 fusion_builder_column_3_4 3_4 fusion-flex-column fusion-animated\" style=\"--awb-bg-size:cover;--awb-width-large:75%;--awb-margin-top-large:0px;--awb-spacing-right-large:2.56%;--awb-margin-bottom-large:80px;--awb-spacing-left-large:2.56%;--awb-width-medium:75%;--awb-order-medium:0;--awb-spacing-right-medium:2.56%;--awb-spacing-left-medium:2.56%;--awb-width-small:100%;--awb-order-small:0;--awb-spacing-right-small:1.92%;--awb-spacing-left-small:1.92%;\" data-animationType=\"fadeInUp\" data-animationDuration=\"0.6\" data-animationOffset=\"top-into-view\"><div class=\"fusion-column-wrapper fusion-column-has-shadow fusion-flex-justify-content-flex-start fusion-content-layout-column\"><div class=\"fusion-title title fusion-title-1 fusion-sep-none fusion-title-center fusion-title-text fusion-title-size-two\"><h2 class=\"fusion-title-heading title-heading-center\" style=\"margin:0;\"><h1><strong>Home \/ Wasi*<\/strong><\/h1><\/h2><\/div><div class=\"fusion-title title fusion-title-2 fusion-sep-none fusion-title-center fusion-title-text fusion-title-size-four\"><h4 class=\"fusion-title-heading title-heading-center\" style=\"margin:0;\">Home is the place where we live, also the place where we can be our true selves.<\/h4><\/div><div class=\"fusion-text fusion-text-1\" style=\"--awb-content-alignment:center;\"><p>We keep there our most personal belongings, our personal truth. Kausay Puryi path says that for us, humans, &#8220;home&#8221; is a combination of three factors: our body, our soul and a seed of spirit \u2013 a piece of the divine \u2013 that is inside us.<\/p>\n<\/div><div class=\"fusion-text fusion-text-2\" style=\"--awb-content-alignment:center;--awb-font-size:13px;\"><p>(*) The word \u201cwasi\u201d like other words of the Kausay Puryi tradition in this website, are words from the Quechua language, \u00a0of the peoples of South America, specifically, of Peru.<\/p>\n<\/div><\/div><\/div><\/div><\/div><div class=\"fusion-fullwidth fullwidth-box fusion-builder-row-2 fusion-flex-container has-pattern-background has-mask-background fusion-parallax-none hundred-percent-fullwidth non-hundred-percent-height-scrolling\" style=\"--awb-border-radius-top-left:0px;--awb-border-radius-top-right:0px;--awb-border-radius-bottom-right:0px;--awb-border-radius-bottom-left:0px;--awb-padding-top:0px;--awb-padding-right:0px;--awb-padding-left:0px;--awb-background-color:var(--awb-color1);--awb-background-image:url(&quot;https:\/\/mishayoq.org\/wp-content\/uploads\/2023\/02\/hero-graphic-2.svg&quot;);--awb-background-size:cover;--awb-flex-wrap:wrap;\" data-preload-img=\"https:\/\/mishayoq.org\/wp-content\/uploads\/2023\/02\/hero-graphic-2.svg\" ><div class=\"fusion-builder-row fusion-row fusion-flex-align-items-stretch fusion-flex-content-wrap\" style=\"width:calc( 100% + 0px ) !important;max-width:calc( 100% + 0px ) !important;margin-left: calc(-0px \/ 2 );margin-right: calc(-0px \/ 2 );\"><div class=\"fusion-layout-column fusion_builder_column fusion-builder-column-1 fusion_builder_column_1_3 1_3 fusion-flex-column fusion-animated\" style=\"--awb-padding-top:90px;--awb-padding-right:90px;--awb-padding-bottom:90px;--awb-padding-left:20%;--awb-padding-top-small:60px;--awb-padding-right-small:60px;--awb-padding-bottom-small:60px;--awb-padding-left-small:60px;--awb-bg-size:cover;--awb-width-large:33.333333333333%;--awb-margin-top-large:0px;--awb-spacing-right-large:0px;--awb-margin-bottom-large:0px;--awb-spacing-left-large:0px;--awb-width-medium:100%;--awb-order-medium:0;--awb-spacing-right-medium:0px;--awb-spacing-left-medium:0px;--awb-width-small:100%;--awb-order-small:0;--awb-spacing-right-small:0px;--awb-spacing-left-small:0px;\" data-animationType=\"fadeInLeft\" data-animationDuration=\"0.6\" data-animationOffset=\"top-into-view\"><div class=\"fusion-column-wrapper fusion-column-has-shadow fusion-flex-justify-content-flex-start fusion-content-layout-column\"><div class=\"fusion-title title fusion-title-3 fusion-sep-none fusion-title-text fusion-title-size-three\" style=\"--awb-margin-top:0px;--awb-margin-bottom:20px;--awb-margin-top-small:0px;\"><h3 class=\"fusion-title-heading title-heading-left\" style=\"margin:0;\">\u00d3scar N\u00fa\u00f1ez del Prado Castro<\/h3><\/div><div class=\"fusion-image-element \" style=\"--awb-caption-title-font-family:var(--h2_typography-font-family);--awb-caption-title-font-weight:var(--h2_typography-font-weight);--awb-caption-title-font-style:var(--h2_typography-font-style);--awb-caption-title-size:var(--h2_typography-font-size);--awb-caption-title-transform:var(--h2_typography-text-transform);--awb-caption-title-line-height:var(--h2_typography-line-height);--awb-caption-title-letter-spacing:var(--h2_typography-letter-spacing);\"><span class=\" fusion-imageframe imageframe-dropshadow imageframe-1 hover-type-none\" style=\"-webkit-box-shadow: 3px 3px 7px var(--awb-color7);box-shadow: 3px 3px 7px var(--awb-color7);\"><img decoding=\"async\" width=\"1000\" height=\"561\" alt=\"\u00d3scar N\u00fa\u00f1ez del Prado Castro-perou-peru-Tawantin-Chakana\" title=\"\u00d3scar N\u00fa\u00f1ez del Prado Castro-perou-peru-Tawantin-Chakana\" src=\"https:\/\/mishayoq.org\/wp-content\/uploads\/2026\/01\/Oscar-Nunez-del-Prado-Castro-perou-peru-Tawantin-Chakana.jpg\" data-orig-src=\"https:\/\/mishayoq.org\/wp-content\/uploads\/2026\/01\/Oscar-Nunez-del-Prado-Castro-perou-peru-Tawantin-Chakana.jpg\" class=\"lazyload img-responsive wp-image-1639\" srcset=\"data:image\/svg+xml,%3Csvg%20xmlns%3D%27http%3A%2F%2Fwww.w3.org%2F2000%2Fsvg%27%20width%3D%271000%27%20height%3D%27561%27%20viewBox%3D%270%200%201000%20561%27%3E%3Crect%20width%3D%271000%27%20height%3D%27561%27%20fill-opacity%3D%220%22%2F%3E%3C%2Fsvg%3E\" data-srcset=\"https:\/\/mishayoq.org\/wp-content\/uploads\/2026\/01\/Oscar-Nunez-del-Prado-Castro-perou-peru-Tawantin-Chakana-200x112.jpg 200w, https:\/\/mishayoq.org\/wp-content\/uploads\/2026\/01\/Oscar-Nunez-del-Prado-Castro-perou-peru-Tawantin-Chakana-400x224.jpg 400w, https:\/\/mishayoq.org\/wp-content\/uploads\/2026\/01\/Oscar-Nunez-del-Prado-Castro-perou-peru-Tawantin-Chakana-600x337.jpg 600w, https:\/\/mishayoq.org\/wp-content\/uploads\/2026\/01\/Oscar-Nunez-del-Prado-Castro-perou-peru-Tawantin-Chakana-800x449.jpg 800w, https:\/\/mishayoq.org\/wp-content\/uploads\/2026\/01\/Oscar-Nunez-del-Prado-Castro-perou-peru-Tawantin-Chakana.jpg 1000w\" data-sizes=\"auto\" data-orig-sizes=\"(max-width: 640px) 100vw, 400px\" \/><\/span><\/div><div class=\"fusion-separator fusion-full-width-sep\" style=\"align-self: center;margin-left: auto;margin-right: auto;margin-top:20px;width:100%;\"><\/div><div class=\"fusion-text fusion-text-3 fusion-text-no-margin\" style=\"--awb-margin-right:15%;--awb-margin-bottom:60px;\"><p>Anthropologist and Ethnologist | Studies on Andean communities, cultural anthropology, and social reform in Peru.<\/p>\n<\/div><div ><a class=\"fusion-button button-flat fusion-button-default-size button-custom fusion-button-default button-1 fusion-button-default-span fusion-button-default-type\" style=\"--button_accent_color:var(--awb-color1);--button_accent_hover_color:var(--awb-color1);--button_border_hover_color:var(--awb-color1);--button_gradient_top_color:var(--awb-color7);--button_gradient_bottom_color:var(--awb-color7);--button_gradient_top_color_hover:var(--awb-color5);--button_gradient_bottom_color_hover:var(--awb-color5);--button_text_transform:var(--awb-typography3-text-transform);--button_font_size:17px;--button_line_height:var(--awb-typography3-line-height);--button_padding-top:23px;--button_padding-right:35px;--button_padding-bottom:23px;--button_padding-left:35px;--button_typography-letter-spacing:var(--awb-typography3-letter-spacing);--button_typography-font-family:var(--awb-typography3-font-family);--button_typography-font-weight:var(--awb-typography3-font-weight);--button_typography-font-style:var(--awb-typography3-font-style);\" target=\"_self\" href=\"https:\/\/mishayoq.org\/index.php\/who-we-are\/oscar-nunez-del-prado-castro\/\"><span class=\"fusion-button-text awb-button__text awb-button__text--default\">Learn About Oscar<\/span><\/a><\/div><\/div><\/div><div class=\"fusion-layout-column fusion_builder_column fusion-builder-column-2 fusion_builder_column_1_3 1_3 fusion-flex-column fusion-animated\" style=\"--awb-padding-top:90px;--awb-padding-right:90px;--awb-padding-bottom:90px;--awb-padding-left:20%;--awb-padding-top-small:60px;--awb-padding-right-small:60px;--awb-padding-bottom-small:60px;--awb-padding-left-small:60px;--awb-bg-size:cover;--awb-width-large:33.333333333333%;--awb-margin-top-large:0px;--awb-spacing-right-large:0px;--awb-margin-bottom-large:0px;--awb-spacing-left-large:0px;--awb-width-medium:100%;--awb-order-medium:0;--awb-spacing-right-medium:0px;--awb-spacing-left-medium:0px;--awb-width-small:100%;--awb-order-small:0;--awb-spacing-right-small:0px;--awb-spacing-left-small:0px;\" data-animationType=\"fadeInLeft\" data-animationDuration=\"0.6\" data-animationOffset=\"top-into-view\"><div class=\"fusion-column-wrapper fusion-column-has-shadow fusion-flex-justify-content-flex-start fusion-content-layout-column\"><div class=\"fusion-title title fusion-title-4 fusion-sep-none fusion-title-text fusion-title-size-three\" style=\"--awb-margin-top:0px;--awb-margin-bottom:20px;--awb-margin-top-small:0px;\"><h3 class=\"fusion-title-heading title-heading-left\" style=\"margin:0;\">Juan V\u00edctor N\u00fa\u00f1ez Del Prado<\/h3><\/div><div class=\"fusion-image-element \" style=\"--awb-caption-title-font-family:var(--h2_typography-font-family);--awb-caption-title-font-weight:var(--h2_typography-font-weight);--awb-caption-title-font-style:var(--h2_typography-font-style);--awb-caption-title-size:var(--h2_typography-font-size);--awb-caption-title-transform:var(--h2_typography-text-transform);--awb-caption-title-line-height:var(--h2_typography-line-height);--awb-caption-title-letter-spacing:var(--h2_typography-letter-spacing);\"><span class=\" fusion-imageframe imageframe-dropshadow imageframe-2 hover-type-none\" style=\"-webkit-box-shadow: 3px 3px 7px var(--awb-color7);box-shadow: 3px 3px 7px var(--awb-color7);\"><img decoding=\"async\" width=\"1000\" height=\"561\" alt=\"Juan nunez del prado-peru-peruvian-mishayoq\" title=\"Juan nunez del prado-peru-peruvian\" src=\"https:\/\/mishayoq.org\/wp-content\/uploads\/2026\/01\/Juan-nunez-del-prado-peru-peruvian.jpg\" data-orig-src=\"https:\/\/mishayoq.org\/wp-content\/uploads\/2026\/01\/Juan-nunez-del-prado-peru-peruvian.jpg\" class=\"lazyload img-responsive wp-image-1613\" srcset=\"data:image\/svg+xml,%3Csvg%20xmlns%3D%27http%3A%2F%2Fwww.w3.org%2F2000%2Fsvg%27%20width%3D%271000%27%20height%3D%27561%27%20viewBox%3D%270%200%201000%20561%27%3E%3Crect%20width%3D%271000%27%20height%3D%27561%27%20fill-opacity%3D%220%22%2F%3E%3C%2Fsvg%3E\" data-srcset=\"https:\/\/mishayoq.org\/wp-content\/uploads\/2026\/01\/Juan-nunez-del-prado-peru-peruvian-200x112.jpg 200w, https:\/\/mishayoq.org\/wp-content\/uploads\/2026\/01\/Juan-nunez-del-prado-peru-peruvian-400x224.jpg 400w, https:\/\/mishayoq.org\/wp-content\/uploads\/2026\/01\/Juan-nunez-del-prado-peru-peruvian-600x337.jpg 600w, https:\/\/mishayoq.org\/wp-content\/uploads\/2026\/01\/Juan-nunez-del-prado-peru-peruvian-800x449.jpg 800w, https:\/\/mishayoq.org\/wp-content\/uploads\/2026\/01\/Juan-nunez-del-prado-peru-peruvian.jpg 1000w\" data-sizes=\"auto\" data-orig-sizes=\"(max-width: 640px) 100vw, 400px\" \/><\/span><\/div><div class=\"fusion-separator fusion-full-width-sep\" style=\"align-self: center;margin-left: auto;margin-right: auto;margin-top:20px;width:100%;\"><\/div><div class=\"fusion-text fusion-text-4 fusion-text-no-margin\" style=\"--awb-margin-right:15%;--awb-margin-bottom:60px;\"><p>Anthropologist, Archaeologist, and Spiritual Master specialized in the Andean tradition of Kausaypuriy.<\/p>\n<\/div><div ><a class=\"fusion-button button-flat fusion-button-default-size button-custom fusion-button-default button-2 fusion-button-default-span fusion-button-default-type\" style=\"--button_accent_color:var(--awb-color1);--button_accent_hover_color:var(--awb-color1);--button_border_hover_color:var(--awb-color1);--button_gradient_top_color:var(--awb-color7);--button_gradient_bottom_color:var(--awb-color7);--button_gradient_top_color_hover:var(--awb-color5);--button_gradient_bottom_color_hover:var(--awb-color5);--button_text_transform:var(--awb-typography3-text-transform);--button_font_size:17px;--button_line_height:var(--awb-typography3-line-height);--button_padding-top:23px;--button_padding-right:35px;--button_padding-bottom:23px;--button_padding-left:35px;--button_typography-letter-spacing:var(--awb-typography3-letter-spacing);--button_typography-font-family:var(--awb-typography3-font-family);--button_typography-font-weight:var(--awb-typography3-font-weight);--button_typography-font-style:var(--awb-typography3-font-style);\" target=\"_self\" href=\"https:\/\/mishayoq.org\/index.php\/who-we-are\/juan-victor-nunez-del-prado\/\"><span class=\"fusion-button-text awb-button__text awb-button__text--default\">Learn About Juan<\/span><\/a><\/div><\/div><\/div><div class=\"fusion-layout-column fusion_builder_column fusion-builder-column-3 fusion_builder_column_1_3 1_3 fusion-flex-column fusion-animated\" style=\"--awb-padding-top:90px;--awb-padding-right:90px;--awb-padding-bottom:90px;--awb-padding-left:20%;--awb-padding-top-small:60px;--awb-padding-right-small:60px;--awb-padding-bottom-small:60px;--awb-padding-left-small:60px;--awb-bg-size:cover;--awb-width-large:33.333333333333%;--awb-margin-top-large:0px;--awb-spacing-right-large:0px;--awb-margin-bottom-large:0px;--awb-spacing-left-large:0px;--awb-width-medium:100%;--awb-order-medium:0;--awb-spacing-right-medium:0px;--awb-spacing-left-medium:0px;--awb-width-small:100%;--awb-order-small:0;--awb-spacing-right-small:0px;--awb-spacing-left-small:0px;\" data-animationType=\"fadeInLeft\" data-animationDuration=\"0.6\" data-animationOffset=\"top-into-view\" data-scroll-devices=\"small-visibility,medium-visibility,large-visibility\"><div class=\"fusion-column-wrapper fusion-column-has-shadow fusion-flex-justify-content-flex-start fusion-content-layout-column\"><div class=\"fusion-title title fusion-title-5 fusion-sep-none fusion-title-text fusion-title-size-three\" style=\"--awb-margin-top:0px;--awb-margin-bottom:20px;--awb-margin-top-small:0px;\"><h3 class=\"fusion-title-heading title-heading-left\" style=\"margin:0;\">Iv\u00e1n Franz N\u00fa\u00f1ez del Prado<\/h3><\/div><div class=\"fusion-image-element \" style=\"--awb-caption-title-font-family:var(--h2_typography-font-family);--awb-caption-title-font-weight:var(--h2_typography-font-weight);--awb-caption-title-font-style:var(--h2_typography-font-style);--awb-caption-title-size:var(--h2_typography-font-size);--awb-caption-title-transform:var(--h2_typography-text-transform);--awb-caption-title-line-height:var(--h2_typography-line-height);--awb-caption-title-letter-spacing:var(--h2_typography-letter-spacing);\"><span class=\" fusion-imageframe imageframe-dropshadow imageframe-3 hover-type-none\" style=\"-webkit-box-shadow: 3px 3px 7px var(--awb-color7);box-shadow: 3px 3px 7px var(--awb-color7);\"><img decoding=\"async\" width=\"1000\" height=\"561\" alt=\"Ivan-Franz-Nunez-del-Prado-mishayoq-peru\" title=\"Ivan-Franz-Nunez-del-Prado-mishayoq-peru\" src=\"https:\/\/mishayoq.org\/wp-content\/uploads\/2026\/01\/Ivan-Franz-Nunez-del-Prado-mishayoq-peru.jpg\" data-orig-src=\"https:\/\/mishayoq.org\/wp-content\/uploads\/2026\/01\/Ivan-Franz-Nunez-del-Prado-mishayoq-peru.jpg\" class=\"lazyload img-responsive wp-image-1632\" srcset=\"data:image\/svg+xml,%3Csvg%20xmlns%3D%27http%3A%2F%2Fwww.w3.org%2F2000%2Fsvg%27%20width%3D%271000%27%20height%3D%27561%27%20viewBox%3D%270%200%201000%20561%27%3E%3Crect%20width%3D%271000%27%20height%3D%27561%27%20fill-opacity%3D%220%22%2F%3E%3C%2Fsvg%3E\" data-srcset=\"https:\/\/mishayoq.org\/wp-content\/uploads\/2026\/01\/Ivan-Franz-Nunez-del-Prado-mishayoq-peru-200x112.jpg 200w, https:\/\/mishayoq.org\/wp-content\/uploads\/2026\/01\/Ivan-Franz-Nunez-del-Prado-mishayoq-peru-400x224.jpg 400w, https:\/\/mishayoq.org\/wp-content\/uploads\/2026\/01\/Ivan-Franz-Nunez-del-Prado-mishayoq-peru-600x337.jpg 600w, https:\/\/mishayoq.org\/wp-content\/uploads\/2026\/01\/Ivan-Franz-Nunez-del-Prado-mishayoq-peru-800x449.jpg 800w, https:\/\/mishayoq.org\/wp-content\/uploads\/2026\/01\/Ivan-Franz-Nunez-del-Prado-mishayoq-peru.jpg 1000w\" data-sizes=\"auto\" data-orig-sizes=\"(max-width: 640px) 100vw, 400px\" \/><\/span><\/div><div class=\"fusion-separator fusion-full-width-sep\" style=\"align-self: center;margin-left: auto;margin-right: auto;margin-top:20px;width:100%;\"><\/div><div class=\"fusion-text fusion-text-5 fusion-text-no-margin\" style=\"--awb-margin-right:15%;--awb-margin-bottom:60px;\"><p>Iv\u00e1n N\u00fa\u00f1ez del Prado is a distinguished Andean spiritual teacher, coach, and industrial engineer, deeply rooted in the ancient spiritual tradition of the Andes, known as Kausaypuriy.<\/p>\n<\/div><div ><a class=\"fusion-button button-flat fusion-button-default-size button-custom fusion-button-default button-3 fusion-button-default-span fusion-button-default-type\" style=\"--button_accent_color:var(--awb-color1);--button_accent_hover_color:var(--awb-color1);--button_border_hover_color:var(--awb-color1);--button_gradient_top_color:var(--awb-color7);--button_gradient_bottom_color:var(--awb-color7);--button_gradient_top_color_hover:var(--awb-color5);--button_gradient_bottom_color_hover:var(--awb-color5);--button_text_transform:var(--awb-typography3-text-transform);--button_font_size:17px;--button_line_height:var(--awb-typography3-line-height);--button_padding-top:23px;--button_padding-right:35px;--button_padding-bottom:23px;--button_padding-left:35px;--button_typography-letter-spacing:var(--awb-typography3-letter-spacing);--button_typography-font-family:var(--awb-typography3-font-family);--button_typography-font-weight:var(--awb-typography3-font-weight);--button_typography-font-style:var(--awb-typography3-font-style);\" target=\"_self\" href=\"https:\/\/mishayoq.org\/index.php\/who-we-are\/ivan-franz-nunez-del-prado\/\"><span class=\"fusion-button-text awb-button__text awb-button__text--default\">Learn About Ivan<\/span><\/a><\/div><\/div><\/div><\/div><\/div><\/p>\n","protected":false},"excerpt":{"rendered":"","protected":false},"author":1,"featured_media":0,"parent":0,"menu_order":0,"comment_status":"closed","ping_status":"closed","template":"100-width.php","meta":{"footnotes":""},"class_list":["post-1290","page","type-page","status-publish","hentry"],"_links":{"self":[{"href":"https:\/\/mishayoq.org\/index.php\/wp-json\/wp\/v2\/pages\/1290","targetHints":{"allow":["GET"]}}],"collection":[{"href":"https:\/\/mishayoq.org\/index.php\/wp-json\/wp\/v2\/pages"}],"about":[{"href":"https:\/\/mishayoq.org\/index.php\/wp-json\/wp\/v2\/types\/page"}],"author":[{"embeddable":true,"href":"https:\/\/mishayoq.org\/index.php\/wp-json\/wp\/v2\/users\/1"}],"replies":[{"embeddable":true,"href":"https:\/\/mishayoq.org\/index.php\/wp-json\/wp\/v2\/comments?post=1290"}],"version-history":[{"count":92,"href":"https:\/\/mishayoq.org\/index.php\/wp-json\/wp\/v2\/pages\/1290\/revisions"}],"predecessor-version":[{"id":1783,"href":"https:\/\/mishayoq.org\/index.php\/wp-json\/wp\/v2\/pages\/1290\/revisions\/1783"}],"wp:attachment":[{"href":"https:\/\/mishayoq.org\/index.php\/wp-json\/wp\/v2\/media?parent=1290"}],"curies":[{"name":"wp","href":"https:\/\/api.w.org\/{rel}","templated":true}]}}